{"id":2456,"date":"2023-01-11T13:14:54","date_gmt":"2023-01-11T12:14:54","guid":{"rendered":"https:\/\/clarity-ag.de\/the-advisory-board\/"},"modified":"2023-06-26T17:47:00","modified_gmt":"2023-06-26T15:47:00","slug":"the-advisory-board","status":"publish","type":"page","link":"https:\/\/clarity-ag.de\/en\/the-advisory-board\/","title":{"rendered":"The advisory board"},"content":{"rendered":"<section class=\"wpb-content-wrapper\">[vc_row section_back_opt=&#8221;dark-bg-2&#8243;][vc_column][wr_vc_titles text_align=&#8221;text-left&#8221; title_style=&#8221;large-title&#8221;][wr_vc_title title=&#8221;The advisory board&#8221; animation_delay=&#8221;01&#8243;][\/wr_vc_titles]<div class=\"bottom-padding-60\"><a data-animation-container href=\"#0\" class=\"hover-box pointer-large d-block\"><div class=\"team-content\"><h4 data-animation-child class=\"small-title-oswald text-color-4 hover-content fade-anim-box tr-delay01\" data-animation=\"fade-anim\">Michael Baier<\/h4><br><p data-animation-child class=\"p-letter-style text-color-4 hover-content fade-anim-box tr-delay02\" data-animation=\"fade-anim\">Direktor der Bank J. Safra Sarasin, Leiter Corporate Wealth Management<\/p><\/div><\/a><\/div><div class=\"bottom-padding-60\"><a data-animation-container href=\"#0\" class=\"hover-box pointer-large d-block\"><div class=\"team-content\"><h4 data-animation-child class=\"small-title-oswald text-color-4 hover-content fade-anim-box tr-delay01\" data-animation=\"fade-anim\">Andreas Dripke<\/h4><br><p data-animation-child class=\"p-letter-style text-color-4 hover-content fade-anim-box tr-delay02\" data-animation=\"fade-anim\">Gr\u00fcnder und Gesch\u00e4ftsf\u00fchrer von der erfolgreichsten deutschen PR-Agentur in 2002, Dripke. Wolf. Weissenbach, ausgezeichnet mit der ``Goldenen Br\u00fccke``<\/p><\/div><\/a><\/div><div class=\"bottom-padding-60\"><a data-animation-container href=\"#0\" class=\"hover-box pointer-large d-block\"><div class=\"team-content\"><h4 data-animation-child class=\"small-title-oswald text-color-4 hover-content fade-anim-box tr-delay01\" data-animation=\"fade-anim\">Klaus Dieter Elm<\/h4><br><p data-animation-child class=\"p-letter-style text-color-4 hover-content fade-anim-box tr-delay02\" data-animation=\"fade-anim\">Gr\u00fcnder und Gesch\u00e4ftsf\u00fchrer der Uniserve Dienstleistungsgruppe mit mehreren tausend Mitarbeitern<\/p><\/div><\/a><\/div><div class=\"bottom-padding-60\"><a data-animation-container href=\"#0\" class=\"hover-box pointer-large d-block\"><div class=\"team-content\"><h4 data-animation-child class=\"small-title-oswald text-color-4 hover-content fade-anim-box tr-delay01\" data-animation=\"fade-anim\">Dr. J\u00fcrgen Kaack<\/h4><br><p data-animation-child class=\"p-letter-style text-color-4 hover-content fade-anim-box tr-delay02\" data-animation=\"fade-anim\">Steinbeis Transferzentrum Integrierte Unternehmensf\u00fchrung<\/p><\/div><\/a><\/div><div class=\"bottom-padding-60\"><a data-animation-container href=\"#0\" class=\"hover-box pointer-large d-block\"><div class=\"team-content\"><h4 data-animation-child class=\"small-title-oswald text-color-4 hover-content fade-anim-box tr-delay01\" data-animation=\"fade-anim\">Karl-Bernfried Meschenmoser<\/h4><br><p data-animation-child class=\"p-letter-style text-color-4 hover-content fade-anim-box tr-delay02\" data-animation=\"fade-anim\">Designierter Vorstand Recht und Steuern international der Pirelli Deutschland AG<\/p><\/div><\/a><\/div><div class=\"bottom-padding-60\"><a data-animation-container href=\"#0\" class=\"hover-box pointer-large d-block\"><div class=\"team-content\"><h4 data-animation-child class=\"small-title-oswald text-color-4 hover-content fade-anim-box tr-delay01\" data-animation=\"fade-anim\">Prof. Dr. Helmut Polzer<\/h4><br><p data-animation-child class=\"p-letter-style text-color-4 hover-content fade-anim-box tr-delay02\" data-animation=\"fade-anim\">Gr\u00fcnder und langj\u00e4hriger CEO der Brain International (fr\u00fcher BIW)<\/p><\/div><\/a><\/div><div class=\"bottom-padding-60\"><a data-animation-container href=\"#0\" class=\"hover-box pointer-large d-block\"><div class=\"team-content\"><h4 data-animation-child class=\"small-title-oswald text-color-4 hover-content fade-anim-box tr-delay01\" data-animation=\"fade-anim\">Ulrich G. Schneider<\/h4><br><p data-animation-child class=\"p-letter-style text-color-4 hover-content fade-anim-box tr-delay02\" data-animation=\"fade-anim\">Langj\u00e4hriger Gesch\u00e4ftsf\u00fchrer des BITKOM e. V.<\/p><\/div><\/a><\/div><div class=\"bottom-padding-60\"><a data-animation-container href=\"#0\" class=\"hover-box pointer-large d-block\"><div class=\"team-content\"><h4 data-animation-child class=\"small-title-oswald text-color-4 hover-content fade-anim-box tr-delay01\" data-animation=\"fade-anim\">Michael Sin\u00df<\/h4><br><p data-animation-child class=\"p-letter-style text-color-4 hover-content fade-anim-box tr-delay02\" data-animation=\"fade-anim\">Sprecher des Vorstands der avantum consult AG<\/p><\/div><\/a><\/div><div class=\"bottom-padding-60\"><a data-animation-container href=\"#0\" class=\"hover-box pointer-large d-block\"><div class=\"team-content\"><h4 data-animation-child class=\"small-title-oswald text-color-4 hover-content fade-anim-box tr-delay01\" data-animation=\"fade-anim\">Wolfgang Steiger<\/h4><br><p data-animation-child class=\"p-letter-style text-color-4 hover-content fade-anim-box tr-delay02\" data-animation=\"fade-anim\">Gesch\u00e4ftsf\u00fchrer von S-Consulting und ehemaliges Mitglied des Deutschen Bundestags<\/p><\/div><\/a><\/div>[\/vc_column][\/vc_row]\n<\/section>","protected":false},"excerpt":{"rendered":"<p>[vc_row section_back_opt=&#8221;dark-bg-2&#8243;][vc_column][wr_vc_titles text_align=&#8221;text-left&#8221; title_style=&#8221;large-title&#8221;][wr_vc_title title=&#8221;The advisory board&#8221; animation_delay=&#8221;01&#8243;][\/wr_vc_titles][\/vc_column][\/vc_row]<\/p>\n","protected":false},"author":1,"featured_media":0,"parent":0,"menu_order":0,"comment_status":"closed","ping_status":"closed","template":"","meta":{"footnotes":""},"class_list":["post-2456","page","type-page","status-publish","hentry"],"_links":{"self":[{"href":"https:\/\/clarity-ag.de\/en\/wp-json\/wp\/v2\/pages\/2456","targetHints":{"allow":["GET"]}}],"collection":[{"href":"https:\/\/clarity-ag.de\/en\/wp-json\/wp\/v2\/pages"}],"about":[{"href":"https:\/\/clarity-ag.de\/en\/wp-json\/wp\/v2\/types\/page"}],"author":[{"embeddable":true,"href":"https:\/\/clarity-ag.de\/en\/wp-json\/wp\/v2\/users\/1"}],"replies":[{"embeddable":true,"href":"https:\/\/clarity-ag.de\/en\/wp-json\/wp\/v2\/comments?post=2456"}],"version-history":[{"count":10,"href":"https:\/\/clarity-ag.de\/en\/wp-json\/wp\/v2\/pages\/2456\/revisions"}],"predecessor-version":[{"id":2522,"href":"https:\/\/clarity-ag.de\/en\/wp-json\/wp\/v2\/pages\/2456\/revisions\/2522"}],"wp:attachment":[{"href":"https:\/\/clarity-ag.de\/en\/wp-json\/wp\/v2\/media?parent=2456"}],"curies":[{"name":"wp","href":"https:\/\/api.w.org\/{rel}","templated":true}]}}